{"id":251,"date":"2025-09-17T10:07:00","date_gmt":"2025-09-17T10:07:00","guid":{"rendered":"https:\/\/demo.artureanec.com\/themes\/organium\/?page_id=251"},"modified":"2025-09-18T07:58:51","modified_gmt":"2025-09-18T07:58:51","slug":"contacts","status":"publish","type":"page","link":"https:\/\/italscand.com\/et\/contacts\/","title":{"rendered":"Kontakt"},"content":{"rendered":"\t\t<div data-elementor-type=\"wp-page\" data-elementor-id=\"251\" class=\"elementor elementor-251\" data-elementor-post-type=\"page\">\n\t\t\t\t\t\t<section class=\"elementor-section elementor-top-section elementor-element elementor-element-f956b13 elementor-section-boxed elementor-section-height-default elementor-section-height-default\" data-id=\"f956b13\" data-element_type=\"section\" data-e-type=\"section\">\n\t\t\t\t\t\t<div class=\"elementor-container elementor-column-gap-extended\">\n\t\t\t\t\t<div class=\"elementor-column elementor-col-50 elementor-top-column elementor-element elementor-element-b8f22f4\" data-id=\"b8f22f4\" data-element_type=\"column\" data-e-type=\"column\">\n\t\t\t<div class=\"elementor-widget-wrap elementor-element-populated\">\n\t\t\t\t\t\t<div class=\"elementor-element elementor-element-d865d00 elementor-absolute elementor-hidden-tablet elementor-hidden-phone elementor-widget elementor-widget-image\" data-id=\"d865d00\" data-element_type=\"widget\" data-e-type=\"widget\" data-settings=\"{&quot;_position&quot;:&quot;absolute&quot;}\" data-widget_type=\"image.default\">\n\t\t\t\t<div class=\"elementor-widget-container\">\n\t\t\t\t\t\t\t\t\t\t\t\t\t\t\t<img loading=\"lazy\" decoding=\"async\" width=\"278\" height=\"188\" src=\"https:\/\/italscand.com\/wp-content\/uploads\/2020\/06\/contacts-pic-1.png\" class=\"attachment-full size-full wp-image-1943\" alt=\"\" \/>\t\t\t\t\t\t\t\t\t\t\t\t\t\t\t<\/div>\n\t\t\t\t<\/div>\n\t\t\t\t<div class=\"elementor-element elementor-element-712e365 elementor-widget elementor-widget-organium_heading\" data-id=\"712e365\" data-element_type=\"widget\" data-e-type=\"widget\" data-widget_type=\"organium_heading.default\">\n\t\t\t\t<div class=\"elementor-widget-container\">\n\t\t\t\t\t\n        <div class=\"organium_heading_widget\">\n                            <h5 class=\"organium_heading\">\n\n                    Contact Information                <\/h5>\n                        <\/div>\n        \t\t\t\t<\/div>\n\t\t\t\t<\/div>\n\t\t\t\t<div class=\"elementor-element elementor-element-1bde10d icon_position_left alignment-left alignment-mobile-center alignment-tablet-center elementor-widget-tablet__width-initial elementor-widget-mobile__width-inherit block_behavior_narrow elementor-widget elementor-widget-organium_icon_box\" data-id=\"1bde10d\" data-element_type=\"widget\" data-e-type=\"widget\" data-widget_type=\"organium_icon_box.default\">\n\t\t\t\t<div class=\"elementor-widget-container\">\n\t\t\t\t\t\n        <div class=\"organium_icon_box_widget\">\n            <div class=\"organium_icon_box_item\">\n\n                <div class=\"organium_icon_container background_type_image\">\n                    <span class=\"icon\"><svg version=\"1.1\" xmlns=\"http:\/\/www.w3.org\/2000\/svg\" viewBox=\"0 0 512 512\">\n<path d=\"M256,0C150.125,0,64,86.135,64,192c0,141.646,177.146,310,184.688,317.104C250.75,511.031,253.375,512,256,512\n\t\t\ts5.25-0.969,7.313-2.896C270.854,502,448,333.646,448,192C448,86.135,361.875,0,256,0z M256,298.667\n\t\t\tc-58.813,0-106.667-47.854-106.667-106.667S197.188,85.333,256,85.333S362.667,133.188,362.667,192S314.813,298.667,256,298.667z\" \/>\n<\/svg><\/span><img decoding=\"async\" class=\"organium_bg_image\" src=\"https:\/\/demo.artureanec.com\/themes\/organium\/wp-content\/uploads\/2020\/05\/bg-icon-box-2.png\" alt=\"Background Image\" \/>                <\/div>\n\n                <div class=\"organium_icon_box_content\">\n                    <h6 class=\"organium_icon_box_title\">Company details<\/h6>\n                    <div class=\"organium_info_container\">\n                        <p>\n<p>ITALSCAND O\u00dc<\/p>\n<p>Instituudi tee 4, Harku, 76902 Harju maakond, Estonia<\/p>\n<p>CRN:16770846<\/p>\n<p>VAT: EE102633113<\/p>\n<p>RCA: EE2A004690101<\/p>\n<p>BIC\/SWIFT: LHVBEE22EE777700771009303309<\/p><\/p>                    <\/div>\n                <\/div>\n            <\/div>\n        <\/div>\n        \t\t\t\t<\/div>\n\t\t\t\t<\/div>\n\t\t\t\t<div class=\"elementor-element elementor-element-c84c667 icon_position_left alignment-left alignment-mobile-center alignment-tablet-center elementor-widget-tablet__width-initial elementor-widget-mobile__width-inherit block_behavior_narrow elementor-widget elementor-widget-organium_icon_box\" data-id=\"c84c667\" data-element_type=\"widget\" data-e-type=\"widget\" data-widget_type=\"organium_icon_box.default\">\n\t\t\t\t<div class=\"elementor-widget-container\">\n\t\t\t\t\t\n        <div class=\"organium_icon_box_widget\">\n            <div class=\"organium_icon_box_item\">\n\n                <div class=\"organium_icon_container background_type_image\">\n                    <span class=\"icon\"><svg version=\"1.1\" xmlns=\"http:\/\/www.w3.org\/2000\/svg\" viewBox=\"0 0 384 384\">\n\t<path d=\"M353.188,252.052c-23.51,0-46.594-3.677-68.469-10.906c-10.719-3.656-23.896-0.302-30.438,6.417l-43.177,32.594c-50.073-26.729-80.917-57.563-107.281-107.26l31.635-42.052c8.219-8.208,11.167-20.198,7.635-31.448c-7.26-21.99-10.948-45.063-10.948-68.583C132.146,13.823,118.323,0,101.333,0H30.813C13.823,0,0,13.823,0,30.813C0,225.563,158.438,384,353.188,384c16.99,0,30.813-13.823,30.813-30.813v-70.323C384,265.875,370.177,252.052,353.188,252.052z\" \/>\n<\/svg><\/span><img decoding=\"async\" class=\"organium_bg_image\" src=\"https:\/\/demo.artureanec.com\/themes\/organium\/wp-content\/uploads\/2020\/05\/bg-icon-box-2-2.png\" alt=\"Background Image\" \/>                <\/div>\n\n                <div class=\"organium_icon_box_content\">\n                    <h6 class=\"organium_icon_box_title\">Phone<\/h6>\n                    <div class=\"organium_info_container\">\n                        <p>+372 5553 9222 & \n+39 347 627 1213<\/p>                    <\/div>\n                <\/div>\n            <\/div>\n        <\/div>\n        \t\t\t\t<\/div>\n\t\t\t\t<\/div>\n\t\t\t\t<div class=\"elementor-element elementor-element-539ca0b icon_position_left alignment-left alignment-mobile-center alignment-tablet-center elementor-widget-tablet__width-initial elementor-widget-mobile__width-inherit block_behavior_narrow elementor-widget elementor-widget-organium_icon_box\" data-id=\"539ca0b\" data-element_type=\"widget\" data-e-type=\"widget\" data-widget_type=\"organium_icon_box.default\">\n\t\t\t\t<div class=\"elementor-widget-container\">\n\t\t\t\t\t\n        <div class=\"organium_icon_box_widget\">\n            <div class=\"organium_icon_box_item\">\n\n                <div class=\"organium_icon_container background_type_image\">\n                    <span class=\"icon\"><svg version=\"1.1\" viewBox=\"0 0 24 24\" xmlns=\"http:\/\/www.w3.org\/2000\/svg\">\n\t<path d=\"m8.75 17.612v4.638c0 .324.208.611.516.713.077.025.156.037.234.037.234 0 .46-.11.604-.306l2.713-3.692z\"\/>\n\t<path d=\"m23.685.139c-.23-.163-.532-.185-.782-.054l-22.5 11.75c-.266.139-.423.423-.401.722.023.3.222.556.505.653l6.255 2.138 13.321-11.39-10.308 12.419 10.483 3.583c.078.026.16.04.242.04.136 0 .271-.037.39-.109.19-.116.319-.311.352-.53l2.75-18.5c.041-.28-.077-.558-.307-.722z\"\/>\n<\/svg><\/span><img decoding=\"async\" class=\"organium_bg_image\" src=\"https:\/\/demo.artureanec.com\/themes\/organium\/wp-content\/uploads\/2020\/05\/bg-icon-box-2-3.png\" alt=\"Background Image\" \/>                <\/div>\n\n                <div class=\"organium_icon_box_content\">\n                    <h6 class=\"organium_icon_box_title\">Email<\/h6>\n                    <div class=\"organium_info_container\">\n                        <p>Accounting: <a href=\"mailto:bills@italscand.com\">bills@italscand.com<\/a>\n<\/br>\nContact: <a href=\"mailto:hallo@italscand.com\">hallo@italscand.com<\/a><\/p>                    <\/div>\n                <\/div>\n            <\/div>\n        <\/div>\n        \t\t\t\t<\/div>\n\t\t\t\t<\/div>\n\t\t\t\t\t<\/div>\n\t\t<\/div>\n\t\t\t\t<div class=\"elementor-column elementor-col-50 elementor-top-column elementor-element elementor-element-5ef7023\" data-id=\"5ef7023\" data-element_type=\"column\" data-e-type=\"column\">\n\t\t\t<div class=\"elementor-widget-wrap elementor-element-populated\">\n\t\t\t\t\t\t<div class=\"elementor-element elementor-element-00cc562 elementor-absolute elementor-hidden-tablet elementor-hidden-phone elementor-widget elementor-widget-image\" data-id=\"00cc562\" data-element_type=\"widget\" data-e-type=\"widget\" data-settings=\"{&quot;_position&quot;:&quot;absolute&quot;}\" data-widget_type=\"image.default\">\n\t\t\t\t<div class=\"elementor-widget-container\">\n\t\t\t\t\t\t\t\t\t\t\t\t\t\t\t<img loading=\"lazy\" decoding=\"async\" width=\"224\" height=\"301\" src=\"https:\/\/italscand.com\/wp-content\/uploads\/2020\/06\/bg-services-1.png\" class=\"attachment-full size-full wp-image-1801\" alt=\"\" \/>\t\t\t\t\t\t\t\t\t\t\t\t\t\t\t<\/div>\n\t\t\t\t<\/div>\n\t\t\t\t<div class=\"elementor-element elementor-element-100c34c alignment-left alignment-tablet-center alignment-mobile-left elementor-widget elementor-widget-organium_wpforms\" data-id=\"100c34c\" data-element_type=\"widget\" data-e-type=\"widget\" data-widget_type=\"organium_wpforms.default\">\n\t\t\t\t<div class=\"elementor-widget-container\">\n\t\t\t\t\t        <div class=\"organium_wpforms_widget\">\n            <h5>Send Message<\/h5><style id=\"wpforms-css-vars-3496\">\n\t\t\t\t#wpforms-3496 {\n\t\t\t\t--wpforms-container-padding: 0px;\n--wpforms-container-border-width: 1px;\n--wpforms-container-border-radius: 3px;\n--wpforms-background-color: rgba(0, 0, 0, 0);\n--wpforms-field-size-input-height: 43px;\n--wpforms-field-size-input-spacing: 15px;\n--wpforms-field-size-font-size: 16px;\n--wpforms-field-size-line-height: 19px;\n--wpforms-field-size-padding-h: 14px;\n--wpforms-field-size-checkbox-size: 16px;\n--wpforms-field-size-sublabel-spacing: 5px;\n--wpforms-field-size-icon-size: 1;\n--wpforms-label-size-font-size: 16px;\n--wpforms-label-size-line-height: 19px;\n--wpforms-label-size-sublabel-font-size: 14px;\n--wpforms-label-size-sublabel-line-height: 17px;\n--wpforms-button-size-font-size: 17px;\n--wpforms-button-size-height: 41px;\n--wpforms-button-size-padding-h: 15px;\n--wpforms-button-size-margin-top: 10px;\n--wpforms-container-shadow-size-box-shadow: none;\n\t\t\t}\n\t\t\t<\/style><div class=\"wpforms-container wpforms-container-full wpforms-render-modern\" id=\"wpforms-3496\"><form id=\"wpforms-form-3496\" class=\"wpforms-validate wpforms-form wpforms-ajax-form\" data-formid=\"3496\" method=\"post\" enctype=\"multipart\/form-data\" action=\"\/et\/wp-json\/wp\/v2\/pages\/251\" data-token=\"187fc08e37f32f015ae3d632021a298b\" data-token-time=\"1775665075\"><noscript class=\"wpforms-error-noscript\">Please enable JavaScript in your browser to complete this form.<\/noscript><div id=\"wpforms-error-noscript\" style=\"display: none;\">Please enable JavaScript in your browser to complete this form.<\/div><div class=\"wpforms-field-container\"><div id=\"wpforms-3496-field_0-container\" class=\"wpforms-field wpforms-field-text wpforms-one-half wpforms-first\" data-field-id=\"0\"><label class=\"wpforms-field-label wpforms-label-hide\" for=\"wpforms-3496-field_0\" aria-hidden=\"false\">Name <span class=\"wpforms-required-label\" aria-hidden=\"true\">*<\/span><\/label><input type=\"text\" id=\"wpforms-3496-field_0\" class=\"wpforms-field-large wpforms-field-required\" name=\"wpforms[fields][0]\" placeholder=\"Your Full Name\" aria-errormessage=\"wpforms-3496-field_0-error\" required><\/div><div id=\"wpforms-3496-field_5-container\" class=\"wpforms-field wpforms-field-text wpforms-one-half wpforms-first\" data-field-id=\"5\"><label class=\"wpforms-field-label wpforms-label-hide\" for=\"wpforms-3496-field_5\" aria-hidden=\"false\">Business name <span class=\"wpforms-required-label\" aria-hidden=\"true\">*<\/span><\/label><input type=\"text\" id=\"wpforms-3496-field_5\" class=\"wpforms-field-large wpforms-field-required\" name=\"wpforms[fields][5]\" placeholder=\"Business name\" aria-errormessage=\"wpforms-3496-field_5-error\" required><\/div><div id=\"wpforms-3496-field_1-container\" class=\"wpforms-field wpforms-field-email wpforms-one-half\" data-field-id=\"1\"><label class=\"wpforms-field-label wpforms-label-hide\" for=\"wpforms-3496-field_1\" aria-hidden=\"false\">Email <span class=\"wpforms-required-label\" aria-hidden=\"true\">*<\/span><\/label><input type=\"email\" id=\"wpforms-3496-field_1\" class=\"wpforms-field-large wpforms-field-required\" name=\"wpforms[fields][1]\" placeholder=\"Your Email\" spellcheck=\"false\" aria-errormessage=\"wpforms-3496-field_1-error\" required><\/div><div id=\"wpforms-3496-field_2-container\" class=\"wpforms-field wpforms-field-textarea\" data-field-id=\"2\"><label class=\"wpforms-field-label wpforms-label-hide\" for=\"wpforms-3496-field_2\" aria-hidden=\"false\">What kind of products you need for your business? <span class=\"wpforms-required-label\" aria-hidden=\"true\">*<\/span><\/label><textarea id=\"wpforms-3496-field_2\" class=\"wpforms-field-large wpforms-field-required\" name=\"wpforms[fields][2]\" placeholder=\"What kind of products you need?\" aria-errormessage=\"wpforms-3496-field_2-error\" required><\/textarea><\/div><\/div><!-- .wpforms-field-container --><div class=\"wpforms-submit-container\" ><input type=\"hidden\" name=\"wpforms[id]\" value=\"3496\"><input type=\"hidden\" name=\"page_title\" value=\"\"><input type=\"hidden\" name=\"page_url\" value=\"https:\/\/italscand.com\/et\/wp-json\/wp\/v2\/pages\/251\"><input type=\"hidden\" name=\"url_referer\" value=\"\"><button type=\"submit\" name=\"wpforms[submit]\" id=\"wpforms-submit-3496\" class=\"wpforms-submit\" data-alt-text=\"Sending...\" data-submit-text=\"Send\" aria-live=\"assertive\" value=\"wpforms-submit\">Send<\/button><img loading=\"lazy\" decoding=\"async\" src=\"https:\/\/italscand.com\/wp-content\/plugins\/wpforms-lite\/assets\/images\/submit-spin.svg\" class=\"wpforms-submit-spinner\" style=\"display: none;\" width=\"26\" height=\"26\" alt=\"Loading\"><\/div><\/form><\/div>  <!-- .wpforms-container -->        <\/div>\n        \t\t\t\t<\/div>\n\t\t\t\t<\/div>\n\t\t\t\t\t<\/div>\n\t\t<\/div>\n\t\t\t\t\t<\/div>\n\t\t<\/section>\n\t\t\t\t<section class=\"elementor-section elementor-top-section elementor-element elementor-element-feac062 elementor-section-boxed elementor-section-height-default elementor-section-height-default\" data-id=\"feac062\" data-element_type=\"section\" data-e-type=\"section\">\n\t\t\t\t\t\t<div class=\"elementor-container elementor-column-gap-default\">\n\t\t\t\t\t<div class=\"elementor-column elementor-col-100 elementor-top-column elementor-element elementor-element-dac2686\" data-id=\"dac2686\" data-element_type=\"column\" data-e-type=\"column\">\n\t\t\t<div class=\"elementor-widget-wrap elementor-element-populated\">\n\t\t\t\t\t\t<div class=\"elementor-element elementor-element-6286a6f elementor-widget elementor-widget-spacer\" data-id=\"6286a6f\" data-element_type=\"widget\" data-e-type=\"widget\" data-widget_type=\"spacer.default\">\n\t\t\t\t<div class=\"elementor-widget-container\">\n\t\t\t\t\t\t\t<div class=\"elementor-spacer\">\n\t\t\t<div class=\"elementor-spacer-inner\"><\/div>\n\t\t<\/div>\n\t\t\t\t\t\t<\/div>\n\t\t\t\t<\/div>\n\t\t\t\t\t<\/div>\n\t\t<\/div>\n\t\t\t\t\t<\/div>\n\t\t<\/section>\n\t\t\t\t<section class=\"elementor-section elementor-top-section elementor-element elementor-element-662a5a7d elementor-section-stretched elementor-section-boxed elementor-section-height-default elementor-section-height-default\" data-id=\"662a5a7d\" data-element_type=\"section\" data-e-type=\"section\" data-settings=\"{&quot;stretch_section&quot;:&quot;section-stretched&quot;}\">\n\t\t\t\t\t\t<div class=\"elementor-container elementor-column-gap-no\">\n\t\t\t\t\t<div class=\"elementor-column elementor-col-100 elementor-top-column elementor-element elementor-element-1c4cecbc\" data-id=\"1c4cecbc\" data-element_type=\"column\" data-e-type=\"column\">\n\t\t\t<div class=\"elementor-widget-wrap elementor-element-populated\">\n\t\t\t\t\t\t<div class=\"elementor-element elementor-element-37a9a709 elementor-widget elementor-widget-google_maps\" data-id=\"37a9a709\" data-element_type=\"widget\" data-e-type=\"widget\" data-widget_type=\"google_maps.default\">\n\t\t\t\t<div class=\"elementor-widget-container\">\n\t\t\t\t\t\t\t<div class=\"elementor-custom-embed\">\n\t\t\t<iframe loading=\"lazy\"\n\t\t\t\t\tsrc=\"https:\/\/maps.google.com\/maps?q=Tallinn%2C%20Instituudi%20tee%204&#038;t=m&#038;z=15&#038;output=embed&#038;iwloc=near\"\n\t\t\t\t\ttitle=\"Tallinn, Instituudi tee 4\"\n\t\t\t\t\taria-label=\"Tallinn, Instituudi tee 4\"\n\t\t\t><\/iframe>\n\t\t<\/div>\n\t\t\t\t\t\t<\/div>\n\t\t\t\t<\/div>\n\t\t\t\t\t<\/div>\n\t\t<\/div>\n\t\t\t\t\t<\/div>\n\t\t<\/section>\n\t\t\t\t<\/div>\n\t\t","protected":false},"excerpt":{"rendered":"","protected":false},"author":1,"featured_media":0,"parent":0,"menu_order":0,"comment_status":"closed","ping_status":"closed","template":"","meta":{"_monsterinsights_skip_tracking":false,"_monsterinsights_sitenote_active":false,"_monsterinsights_sitenote_note":"","_monsterinsights_sitenote_category":0,"footnotes":""},"class_list":["post-251","page","type-page","status-publish","hentry"],"yoast_head":"<!-- This site is optimized with the Yoast SEO plugin v27.3 - https:\/\/yoast.com\/product\/yoast-seo-wordpress\/ -->\n<title>Italscand delivers Italian products to your business - Contact us<\/title>\n<meta name=\"description\" content=\"We work with *over 30 partners across Italy*, enabling us to offer a wide range of authentic, high-quality products\u2014from artisan pasta and olive oil to premium cheeses and cured meats. Our partnerships are built on trust, quality, and long-term collaboration.\" \/>\n<meta name=\"robots\" content=\"index, follow, max-snippet:-1, max-image-preview:large, max-video-preview:-1\" \/>\n<link rel=\"canonical\" href=\"https:\/\/italscand.com\/et\/contacts\/\" \/>\n<meta property=\"og:locale\" content=\"et_EE\" \/>\n<meta property=\"og:type\" content=\"article\" \/>\n<meta property=\"og:title\" content=\"Italscand delivers Italian products to your business - Contact us\" \/>\n<meta property=\"og:description\" content=\"We work with *over 30 partners across Italy*, enabling us to offer a wide range of authentic, high-quality products\u2014from artisan pasta and olive oil to premium cheeses and cured meats. Our partnerships are built on trust, quality, and long-term collaboration.\" \/>\n<meta property=\"og:url\" content=\"https:\/\/italscand.com\/et\/contacts\/\" \/>\n<meta property=\"og:site_name\" content=\"Italscand - Italian products\" \/>\n<meta property=\"article:modified_time\" content=\"2025-09-18T07:58:51+00:00\" \/>\n<meta property=\"og:image\" content=\"https:\/\/italscand.com\/wp-content\/uploads\/2020\/06\/contacts-pic-1.png\" \/>\n<meta name=\"twitter:card\" content=\"summary_large_image\" \/>\n<meta name=\"twitter:label1\" content=\"Est. reading time\" \/>\n\t<meta name=\"twitter:data1\" content=\"1 minut\" \/>\n<script type=\"application\/ld+json\" class=\"yoast-schema-graph\">{\"@context\":\"https:\\\/\\\/schema.org\",\"@graph\":[{\"@type\":\"WebPage\",\"@id\":\"https:\\\/\\\/italscand.com\\\/contacts\\\/\",\"url\":\"https:\\\/\\\/italscand.com\\\/contacts\\\/\",\"name\":\"Italscand delivers Italian products to your business - Contact us\",\"isPartOf\":{\"@id\":\"https:\\\/\\\/italscand.com\\\/#website\"},\"primaryImageOfPage\":{\"@id\":\"https:\\\/\\\/italscand.com\\\/contacts\\\/#primaryimage\"},\"image\":{\"@id\":\"https:\\\/\\\/italscand.com\\\/contacts\\\/#primaryimage\"},\"thumbnailUrl\":\"https:\\\/\\\/italscand.com\\\/wp-content\\\/uploads\\\/2020\\\/06\\\/contacts-pic-1.png\",\"datePublished\":\"2025-09-17T10:07:00+00:00\",\"dateModified\":\"2025-09-18T07:58:51+00:00\",\"description\":\"We work with *over 30 partners across Italy*, enabling us to offer a wide range of authentic, high-quality products\u2014from artisan pasta and olive oil to premium cheeses and cured meats. Our partnerships are built on trust, quality, and long-term collaboration.\",\"breadcrumb\":{\"@id\":\"https:\\\/\\\/italscand.com\\\/contacts\\\/#breadcrumb\"},\"inLanguage\":\"et\",\"potentialAction\":[{\"@type\":\"ReadAction\",\"target\":[\"https:\\\/\\\/italscand.com\\\/contacts\\\/\"]}]},{\"@type\":\"ImageObject\",\"inLanguage\":\"et\",\"@id\":\"https:\\\/\\\/italscand.com\\\/contacts\\\/#primaryimage\",\"url\":\"https:\\\/\\\/italscand.com\\\/wp-content\\\/uploads\\\/2020\\\/06\\\/contacts-pic-1.png\",\"contentUrl\":\"https:\\\/\\\/italscand.com\\\/wp-content\\\/uploads\\\/2020\\\/06\\\/contacts-pic-1.png\"},{\"@type\":\"BreadcrumbList\",\"@id\":\"https:\\\/\\\/italscand.com\\\/contacts\\\/#breadcrumb\",\"itemListElement\":[{\"@type\":\"ListItem\",\"position\":1,\"name\":\"Home\",\"item\":\"https:\\\/\\\/italscand.com\\\/\"},{\"@type\":\"ListItem\",\"position\":2,\"name\":\"Contacts\"}]},{\"@type\":\"WebSite\",\"@id\":\"https:\\\/\\\/italscand.com\\\/#website\",\"url\":\"https:\\\/\\\/italscand.com\\\/\",\"name\":\"Italscand\",\"description\":\"Products from Italy to Scandinavia\",\"publisher\":{\"@id\":\"https:\\\/\\\/italscand.com\\\/#organization\"},\"potentialAction\":[{\"@type\":\"SearchAction\",\"target\":{\"@type\":\"EntryPoint\",\"urlTemplate\":\"https:\\\/\\\/italscand.com\\\/?s={search_term_string}\"},\"query-input\":{\"@type\":\"PropertyValueSpecification\",\"valueRequired\":true,\"valueName\":\"search_term_string\"}}],\"inLanguage\":\"et\"},{\"@type\":\"Organization\",\"@id\":\"https:\\\/\\\/italscand.com\\\/#organization\",\"name\":\"Italscand\",\"url\":\"https:\\\/\\\/italscand.com\\\/\",\"logo\":{\"@type\":\"ImageObject\",\"inLanguage\":\"et\",\"@id\":\"https:\\\/\\\/italscand.com\\\/#\\\/schema\\\/logo\\\/image\\\/\",\"url\":\"https:\\\/\\\/italscand.com\\\/wp-content\\\/uploads\\\/2025\\\/06\\\/Italscan-logo.png\",\"contentUrl\":\"https:\\\/\\\/italscand.com\\\/wp-content\\\/uploads\\\/2025\\\/06\\\/Italscan-logo.png\",\"width\":348,\"height\":114,\"caption\":\"Italscand\"},\"image\":{\"@id\":\"https:\\\/\\\/italscand.com\\\/#\\\/schema\\\/logo\\\/image\\\/\"}}]}<\/script>\n<!-- \/ Yoast SEO plugin. -->","yoast_head_json":{"title":"Italscand delivers Italian products to your business - Contact us","description":"Meil on \u00fcle 30 koost\u00f6\u00f6partneri kogu Itaalia ulatuses, t\u00e4nu kellele saame pakkuda autentseid ja kvaliteetseid tooteid \u2013 alates toiduainetest ja taimedest kuni professionaalse k\u00f6\u00f6gitehnika ning erinevate veinimajade toodanguni. Meie partnerlussuhted p\u00f5hinevad usaldusel, kvaliteedil ja pikaajalisel koost\u00f6\u00f6l.","robots":{"index":"index","follow":"follow","max-snippet":"max-snippet:-1","max-image-preview":"max-image-preview:large","max-video-preview":"max-video-preview:-1"},"canonical":"https:\/\/italscand.com\/et\/contacts\/","og_locale":"et_EE","og_type":"article","og_title":"Italscand delivers Italian products to your business - Contact us","og_description":"We work with *over 30 partners across Italy*, enabling us to offer a wide range of authentic, high-quality products\u2014from artisan pasta and olive oil to premium cheeses and cured meats. Our partnerships are built on trust, quality, and long-term collaboration.","og_url":"https:\/\/italscand.com\/et\/contacts\/","og_site_name":"Italscand - Italian products","article_modified_time":"2025-09-18T07:58:51+00:00","og_image":[{"url":"https:\/\/italscand.com\/wp-content\/uploads\/2020\/06\/contacts-pic-1.png","type":"","width":"","height":""}],"twitter_card":"summary_large_image","twitter_misc":{"Est. reading time":"1 minut"},"schema":{"@context":"https:\/\/schema.org","@graph":[{"@type":"WebPage","@id":"https:\/\/italscand.com\/contacts\/","url":"https:\/\/italscand.com\/contacts\/","name":"Italscand delivers Italian products to your business - Contact us","isPartOf":{"@id":"https:\/\/italscand.com\/#website"},"primaryImageOfPage":{"@id":"https:\/\/italscand.com\/contacts\/#primaryimage"},"image":{"@id":"https:\/\/italscand.com\/contacts\/#primaryimage"},"thumbnailUrl":"https:\/\/italscand.com\/wp-content\/uploads\/2020\/06\/contacts-pic-1.png","datePublished":"2025-09-17T10:07:00+00:00","dateModified":"2025-09-18T07:58:51+00:00","description":"Meil on \u00fcle 30 koost\u00f6\u00f6partneri kogu Itaalia ulatuses, t\u00e4nu kellele saame pakkuda autentseid ja kvaliteetseid tooteid \u2013 alates toiduainetest ja taimedest kuni professionaalse k\u00f6\u00f6gitehnika ning erinevate veinimajade toodanguni. Meie partnerlussuhted p\u00f5hinevad usaldusel, kvaliteedil ja pikaajalisel koost\u00f6\u00f6l.","breadcrumb":{"@id":"https:\/\/italscand.com\/contacts\/#breadcrumb"},"inLanguage":"et","potentialAction":[{"@type":"ReadAction","target":["https:\/\/italscand.com\/contacts\/"]}]},{"@type":"ImageObject","inLanguage":"et","@id":"https:\/\/italscand.com\/contacts\/#primaryimage","url":"https:\/\/italscand.com\/wp-content\/uploads\/2020\/06\/contacts-pic-1.png","contentUrl":"https:\/\/italscand.com\/wp-content\/uploads\/2020\/06\/contacts-pic-1.png"},{"@type":"BreadcrumbList","@id":"https:\/\/italscand.com\/contacts\/#breadcrumb","itemListElement":[{"@type":"ListItem","position":1,"name":"Home","item":"https:\/\/italscand.com\/"},{"@type":"ListItem","position":2,"name":"Contacts"}]},{"@type":"WebSite","@id":"https:\/\/italscand.com\/#website","url":"https:\/\/italscand.com\/","name":"Italscand","description":"Products from Italy to Scandinavia","publisher":{"@id":"https:\/\/italscand.com\/#organization"},"potentialAction":[{"@type":"SearchAction","target":{"@type":"EntryPoint","urlTemplate":"https:\/\/italscand.com\/?s={search_term_string}"},"query-input":{"@type":"PropertyValueSpecification","valueRequired":true,"valueName":"search_term_string"}}],"inLanguage":"et"},{"@type":"Organization","@id":"https:\/\/italscand.com\/#organization","name":"Italscand","url":"https:\/\/italscand.com\/","logo":{"@type":"ImageObject","inLanguage":"et","@id":"https:\/\/italscand.com\/#\/schema\/logo\/image\/","url":"https:\/\/italscand.com\/wp-content\/uploads\/2025\/06\/Italscan-logo.png","contentUrl":"https:\/\/italscand.com\/wp-content\/uploads\/2025\/06\/Italscan-logo.png","width":348,"height":114,"caption":"Italscand"},"image":{"@id":"https:\/\/italscand.com\/#\/schema\/logo\/image\/"}}]}},"_links":{"self":[{"href":"https:\/\/italscand.com\/et\/wp-json\/wp\/v2\/pages\/251","targetHints":{"allow":["GET"]}}],"collection":[{"href":"https:\/\/italscand.com\/et\/wp-json\/wp\/v2\/pages"}],"about":[{"href":"https:\/\/italscand.com\/et\/wp-json\/wp\/v2\/types\/page"}],"author":[{"embeddable":true,"href":"https:\/\/italscand.com\/et\/wp-json\/wp\/v2\/users\/1"}],"replies":[{"embeddable":true,"href":"https:\/\/italscand.com\/et\/wp-json\/wp\/v2\/comments?post=251"}],"version-history":[{"count":34,"href":"https:\/\/italscand.com\/et\/wp-json\/wp\/v2\/pages\/251\/revisions"}],"predecessor-version":[{"id":4483,"href":"https:\/\/italscand.com\/et\/wp-json\/wp\/v2\/pages\/251\/revisions\/4483"}],"wp:attachment":[{"href":"https:\/\/italscand.com\/et\/wp-json\/wp\/v2\/media?parent=251"}],"curies":[{"name":"wp","href":"https:\/\/api.w.org\/{rel}","templated":true}]}}